{"id":744,"date":"2025-05-29T23:53:16","date_gmt":"2025-05-29T21:53:16","guid":{"rendered":"https:\/\/davebprod.be\/?page_id=744"},"modified":"2025-07-15T17:14:38","modified_gmt":"2025-07-15T15:14:38","slug":"elementor-744","status":"publish","type":"page","link":"https:\/\/davebprod.be\/?page_id=744","title":{"rendered":"A Propos"},"content":{"rendered":"\t\t<div data-elementor-type=\"wp-page\" data-elementor-id=\"744\" class=\"elementor elementor-744\">\n\t\t\t\t\t\t<section class=\"elementor-section elementor-top-section elementor-element elementor-element-3914aa2 elementor-section-boxed elementor-section-height-default elementor-section-height-default\" data-id=\"3914aa2\" data-element_type=\"section\">\n\t\t\t\t\t\t<div class=\"elementor-container elementor-column-gap-default\">\n\t\t\t\t\t<div class=\"elementor-column elementor-col-100 elementor-top-column elementor-element elementor-element-d77c30c\" data-id=\"d77c30c\" data-element_type=\"column\">\n\t\t\t<div class=\"elementor-widget-wrap elementor-element-populated\">\n\t\t\t\t\t\t<div class=\"elementor-element elementor-element-4f176fe elementor-widget__width-inherit skt-has-bg-overlay elementor-widget elementor-widget-testimonial\" data-id=\"4f176fe\" data-element_type=\"widget\" data-widget_type=\"testimonial.default\">\n\t\t\t\t<div class=\"elementor-widget-container\">\n\t\t\t\t\t\t\t<div class=\"elementor-testimonial-wrapper\">\n\t\t\t\t\t\t\t<div class=\"elementor-testimonial-content\"><br><br><br><br><br><br><br><br><br><br><br><br><b>Une passion pour la vid\u00e9o !<\/b><br><br>\nAttir\u00e9 par l\u2019univers de l\u2019image depuis 2013, j\u2019ai commenc\u00e9 en tant qu\u2019autodidacte dans la vid\u00e9o, une activit\u00e9 qui s\u2019est rapidement transform\u00e9e en une v\u00e9ritable passion.<br><br>\nAu fil des ann\u00e9es, j\u2019ai affin\u00e9 mon savoir-faire dans le domaine sportif, \u00e9voluant gr\u00e2ce aux pr\u00e9cieux conseils et \u00e0 l\u2019accompagnement de personnes inspirantes qui m\u2019ont encourag\u00e9 \u00e0 poursuivre cette aventure.<br><br>\nAujourd\u2019hui, toujours anim\u00e9 par le d\u00e9sir de progresser, je sors des sentiers battus et mets mon expertise de vid\u00e9aste ind\u00e9pendant au service de nouveaux clients souhaitant immortaliser leurs \u00e9v\u00e9nements, quels qu\u2019ils soient.<br><br><br><br><\/div>\n\t\t\t\n\t\t\t\t\t\t<div class=\"elementor-testimonial-meta elementor-has-image elementor-testimonial-image-position-aside\">\n\t\t\t\t<div class=\"elementor-testimonial-meta-inner\">\n\t\t\t\t\t\t\t\t\t\t\t<div class=\"elementor-testimonial-image\">\n\t\t\t\t\t\t\t<img fetchpriority=\"high\" decoding=\"async\" width=\"1564\" height=\"1365\" src=\"https:\/\/davebprod.be\/wp-content\/uploads\/2020\/07\/dave-eye_crop.jpg\" class=\"attachment-full size-full wp-image-278\" alt=\"\" srcset=\"https:\/\/davebprod.be\/wp-content\/uploads\/2020\/07\/dave-eye_crop.jpg 1564w, https:\/\/davebprod.be\/wp-content\/uploads\/2020\/07\/dave-eye_crop-300x262.jpg 300w, https:\/\/davebprod.be\/wp-content\/uploads\/2020\/07\/dave-eye_crop-1024x894.jpg 1024w, https:\/\/davebprod.be\/wp-content\/uploads\/2020\/07\/dave-eye_crop-768x670.jpg 768w, https:\/\/davebprod.be\/wp-content\/uploads\/2020\/07\/dave-eye_crop-1536x1341.jpg 1536w\" sizes=\"(max-width: 1564px) 100vw, 1564px\" \/>\t\t\t\t\t\t<\/div>\n\t\t\t\t\t\n\t\t\t\t\t\t\t\t\t\t<div class=\"elementor-testimonial-details\">\n\t\t\t\t\t\t\t\t\t\t\t\t\t\t<div class=\"elementor-testimonial-name\">Dave B<\/div>\n\t\t\t\t\t\t\t\t\t\t\t\t\t\t\t\t\t\t\t\t\t\t<div class=\"elementor-testimonial-job\">Vid\u00e9aste<\/div>\n\t\t\t\t\t\t\t\t\t\t\t\t\t<\/div>\n\t\t\t\t\t\t\t\t\t<\/div>\n\t\t\t<\/div>\n\t\t\t\t\t<\/div>\n\t\t\t\t\t\t<\/div>\n\t\t\t\t<\/div>\n\t\t\t\t\t<\/div>\n\t\t<\/div>\n\t\t\t\t\t<\/div>\n\t\t<\/section>\n\t\t\t\t<\/div>\n\t\t    <!-- sktbuilder starter --><script type=\"text\/javascript\" src=\"https:\/\/davebprod.be\/wp-content\/plugins\/skt-builder\/sktbuilder\/sktbuilder-frontend-starter.js\"><\/script><script type=\"text\/javascript\" src=\"https:\/\/davebprod.be\/wp-content\/plugins\/skt-builder\/sktbuilder-wordpress-driver.js\"><\/script><script type=\"text\/javascript\"> var starter = new SktbuilderStarter({\"mode\": \"prod\", \"skip\":[\"jquery\",\"underscore\",\"backbone\"],\"sktbuilderUrl\": \"https:\/\/davebprod.be\/wp-content\/plugins\/skt-builder\/sktbuilder\/\", \"driver\": new SktbuilderWordpressDriver({\"ajaxUrl\": \"https:\/\/davebprod.be\/wp-admin\/admin-ajax.php\", \"iframeUrl\": \"https:\/\/davebprod.be\/?page_id=744&sktbuilder=true\", \"pageId\": 744, \"pages\": [{\"title\":\"Me contacter\",\"url\":\"https:\\\/\\\/davebprod.be\\\/wp-admin\\\/post.php?post=242&action=sktbuilder\"},{\"title\":\"Mes Projets\",\"url\":\"https:\\\/\\\/davebprod.be\\\/wp-admin\\\/post.php?post=391&action=sktbuilder\"}], \"page\": \"A Propos\" }) });<\/script><!-- end sktbuilder starter -->","protected":false},"excerpt":{"rendered":"<p>Une passion pour la vid\u00e9o ! Attir\u00e9 par l\u2019univers de l\u2019image depuis 2013, j\u2019ai commenc\u00e9 en tant qu\u2019autodidacte dans la vid\u00e9o, une activit\u00e9 qui s\u2019est rapidement transform\u00e9e en une v\u00e9ritable passion. Au fil des ann\u00e9es, j\u2019ai affin\u00e9 mon savoir-faire dans le domaine sportif, \u00e9voluant gr\u00e2ce aux pr\u00e9cieux conseils et \u00e0 l\u2019accompagnement de personnes inspirantes qui<br \/><a class=\"moretag\" href=\"https:\/\/davebprod.be\/?page_id=744\">+ Read More<\/a><\/p>\n","protected":false},"author":2,"featured_media":0,"parent":0,"menu_order":0,"comment_status":"closed","ping_status":"closed","template":"templates\/page-builder.php","meta":{"footnotes":""},"class_list":["post-744","page","type-page","status-publish","hentry"],"featured_image_src":false,"featured_image_src_square":false,"rbea_author_info":{"display_name":"davebadmin","author_link":"https:\/\/davebprod.be\/?author=2"},"rbea_excerpt_info":"Une passion pour la vid\u00e9o ! Attir\u00e9 par l\u2019univers de l\u2019image depuis 2013, j\u2019ai commenc\u00e9 en tant qu\u2019autodidacte dans la vid\u00e9o, une activit\u00e9 qui s\u2019est rapidement transform\u00e9e en une v\u00e9ritable passion. Au fil des ann\u00e9es, j\u2019ai affin\u00e9 mon savoir-faire dans le domaine sportif, \u00e9voluant gr\u00e2ce aux pr\u00e9cieux conseils et \u00e0 l\u2019accompagnement de personnes inspirantes qui<br><a class=\"moretag\" href=\"https:\/\/davebprod.be\/?page_id=744\">+ Read More<\/a>","_links":{"self":[{"href":"https:\/\/davebprod.be\/index.php?rest_route=\/wp\/v2\/pages\/744","targetHints":{"allow":["GET"]}}],"collection":[{"href":"https:\/\/davebprod.be\/index.php?rest_route=\/wp\/v2\/pages"}],"about":[{"href":"https:\/\/davebprod.be\/index.php?rest_route=\/wp\/v2\/types\/page"}],"author":[{"embeddable":true,"href":"https:\/\/davebprod.be\/index.php?rest_route=\/wp\/v2\/users\/2"}],"replies":[{"embeddable":true,"href":"https:\/\/davebprod.be\/index.php?rest_route=%2Fwp%2Fv2%2Fcomments&post=744"}],"version-history":[{"count":22,"href":"https:\/\/davebprod.be\/index.php?rest_route=\/wp\/v2\/pages\/744\/revisions"}],"predecessor-version":[{"id":847,"href":"https:\/\/davebprod.be\/index.php?rest_route=\/wp\/v2\/pages\/744\/revisions\/847"}],"wp:attachment":[{"href":"https:\/\/davebprod.be\/index.php?rest_route=%2Fwp%2Fv2%2Fmedia&parent=744"}],"curies":[{"name":"wp","href":"https:\/\/api.w.org\/{rel}","templated":true}]}}