{"id":710,"date":"2025-05-29T21:36:37","date_gmt":"2025-05-29T19:36:37","guid":{"rendered":"https:\/\/davebprod.be\/?page_id=710"},"modified":"2025-05-29T21:40:14","modified_gmt":"2025-05-29T19:40:14","slug":"elementor-710","status":"publish","type":"page","link":"https:\/\/davebprod.be\/?page_id=710","title":{"rendered":"Sport"},"content":{"rendered":"\t\t<div data-elementor-type=\"wp-page\" data-elementor-id=\"710\" class=\"elementor elementor-710\">\n\t\t\t\t\t\t<section class=\"elementor-section elementor-top-section elementor-element elementor-element-607e332 elementor-section-boxed elementor-section-height-default elementor-section-height-default\" data-id=\"607e332\" data-element_type=\"section\">\n\t\t\t\t\t\t<div class=\"elementor-container elementor-column-gap-default\">\n\t\t\t\t\t<div class=\"elementor-column elementor-col-100 elementor-top-column elementor-element elementor-element-245019b\" data-id=\"245019b\" data-element_type=\"column\">\n\t\t\t<div class=\"elementor-widget-wrap elementor-element-populated\">\n\t\t\t\t\t\t<div class=\"elementor-element elementor-element-f16412f elementor-widget elementor-widget-depicter_slider\" data-id=\"f16412f\" data-element_type=\"widget\" data-widget_type=\"depicter_slider.default\">\n\t\t\t\t<div class=\"elementor-widget-container\">\n\t\t\t\t\t<style id=\"depicter-50-inline-pre-css\">\n\n.depicter-50:not(.depicter-ready){\n\theight:700px;\n}\n\n\/***** Tablet *****\/\n@media screen and (max-width: 1024px){\n\n.depicter-50:not(.depicter-ready){\n\theight:700px;\n}\n\n}\n\/***** Mobile *****\/\n@media screen and (max-width: 767px){\n\n.depicter-50:not(.depicter-ready){\n\theight:740px;\n}\n\n}\n<\/style>\n<div id=\"depicter-50\" class=\"depicter depicter-document depicter-revert depicter-50 depicter-layout-fullwidth\">\n\n<div class=\"depicter-loading-container depicter-loading dotFlashing-dark\"><div class=\"depicter-loading-dark depicter-dot-flashing\">\n   <span><\/span>\n   <span><\/span>\n   <span><\/span>\n<\/div><\/div>\n<div data-animation-in=\"{'direction':'left','easing':'easeOutQuart','duration':1800,'movement':0,'scale':1.11,'delay':0,'transformOrigin':{'x':'right','y':'bottom','z':'0'},'type':'moveAndTransform'}\" data-between-in-out=\"false\" id=\"depicter-50-section-1\" class=\"depicter-section depicter-50-section-1\" data-name=\"Slide 1\" data-local-id=\"section-1\">\n<div class=\"depicter-bg-video\" data-video-src=\"https:\/\/davebprod.be\/wp-content\/uploads\/2025\/05\/Short_Sport_SiteWeb.mp4\" data-loop=\"true\" data-player-type=\"native\" data-object-fit=\"fill,cover,cover\" data-object-position=\"center center,center center,\"><\/div>\n\n\n<h2 data-animation-in=\"{'direction':'left','easing':'easeOutQuart','duration':1300,'movement':0,'scale':1.35,'delay':150,'transformOrigin':{'x':'left','y':'top','z':'0'},'type':'moveAndTransform'}\" data-between-in-out=\"false\" id=\"depicter-50-element-3\" class=\"depicter-element depicter-layer depicter-50-element-3\" data-type=\"text\" data-wrap=\"true\" data-name=\"Text 1\" data-local-id=\"element-3\" data-offset=\"x:13px;y:350px;origin:tl\" data-tablet-offset=\"x:18px;y:311px;origin:tl\" data-mobile-offset=\"x:16px;y:107px;origin:tl\" data-width=\"auto,auto,298px\" data-height=\"auto,auto,auto\" data-responsive-scale=\"true,,\">Capturer les temps<\/h2>\n\n<h2 data-animation-in=\"{'direction':'right','easing':'easeOutQuart','duration':1300,'movement':{'value':70,'unit':'px'},'delay':400,'type':'move'}\" data-between-in-out=\"false\" id=\"depicter-50-element-5\" class=\"depicter-element depicter-layer depicter-50-element-5\" data-type=\"text\" data-wrap=\"true\" data-name=\"Text 2\" data-local-id=\"element-5\" data-offset=\"x:660px;y:385px;origin:tl\" data-tablet-offset=\"x:668px;y:349px;origin:tl\" data-mobile-offset=\"x:195px;y:211px;origin:tl\" data-width=\"93px,73px,auto\" data-height=\"auto,auto,auto\" data-responsive-scale=\"true,,\">fort<\/h2>\n\n<h2 data-animation-in=\"{'direction':'left','easing':'easeOutQuart','duration':1300,'movement':{'value':20,'unit':'px'},'scale':1.14,'delay':350,'transformOrigin':{'x':'right','y':'top','z':'0'},'type':'moveAndTransform'}\" data-between-in-out=\"false\" id=\"depicter-50-element-6\" class=\"depicter-element depicter-layer depicter-50-element-6\" data-type=\"text\" data-wrap=\"true\" data-name=\"Text 3\" data-local-id=\"element-6\" data-offset=\"x:114px;y:439px;origin:tl\" data-tablet-offset=\"x:110px;y:407px;origin:tl\" data-mobile-offset=\"x:46px;y:261px;origin:tl\" data-width=\"621px,auto,298px\" data-height=\"auto,auto,auto\" data-responsive-scale=\"true,,\">de vos rencontres sportives !<\/h2>\n\n<p data-animation-in=\"{'direction':'right','easing':'easeOutQuart','duration':1300,'movement':35,'delay':800,'type':'move'}\" data-between-in-out=\"false\" id=\"depicter-50-element-7\" class=\"depicter-element depicter-layer depicter-50-element-7\" data-type=\"text\" data-wrap=\"true\" data-name=\"Text 4\" data-local-id=\"element-7\" data-offset=\"x:13px;y:529px;origin:tl\" data-tablet-offset=\"x:18px;y:495px;origin:tl\" data-mobile-offset=\"x:16px;y:507px;origin:tl\" data-width=\"686px,444px,328px\" data-height=\"auto,auto,auto\" data-responsive-scale=\"true,,\">Que vous pratiquiez un sport collectif, individuel ou m\u00e9canique, revivez les moments forts de la comp\u00e9tition gr\u00e2ce \u00e0 un montage dynamique et immersif, rythm\u00e9 par une bande sonore adapt\u00e9e.<\/p>\n\n<a href=\"https:\/\/davebprod.be\/\"><button data-animation-in=\"{'direction':'bottom','easing':'easeOutQuart','duration':1000,'movement':35,'delay':900,'type':'move'}\" data-between-in-out=\"false\" id=\"depicter-50-element-25\" class=\"depicter-element depicter-layer depicter-50-element-25\" data-type=\"button\" data-wrap=\"true\" data-name=\"Button 1\" data-local-id=\"element-25\" data-offset=\"x:1008px;y:511px;origin:tl\" data-tablet-offset=\"x:806px;y:522px;origin:tl\" data-mobile-offset=\"x:105px;y:407px;origin:tl\" data-width=\"150px,150px,150px\" data-height=\"50px,50px,50px\" data-responsive-scale=\"true,,\"><span class=\"dp-inner-content\">Accueil<\/span><\/button><\/a><\/div>\n<\/div>\n<script>\n(window.depicterSetups = window.depicterSetups || []).push(function(){\n\tDepicter.basePath = 'https:\/\/davebprod.be\/wp-content\/plugins\/depicter\/resources\/scripts\/player\/';\n\tconst dpPlayer = Depicter.setup('.depicter-50',\n\t\t{\"width\":[\"1300\",\"1024\",\"360\"],\"height\":[\"700\",\"700\",\"740\"],\"view\":\"basic\",\"keepAspectRatio\":true,\"preload\":0,\"layout\":\"fullwidth\",\"rtl\":false,\"initAfterAppear\":false,\"ajaxApiUrl\":\"https:\\\/\\\/davebprod.be\\\/wp-admin\\\/admin-ajax.php\",\"mouseSwipe\":true,\"touchSwipe\":true,\"useWatermark\":false}\n\t);\n});\n<\/script>\t\t\t\t<\/div>\n\t\t\t\t<\/div>\n\t\t\t\t\t<\/div>\n\t\t<\/div>\n\t\t\t\t\t<\/div>\n\t\t<\/section>\n\t\t\t\t<\/div>\n\t\t    <!-- sktbuilder starter --><script type=\"text\/javascript\" src=\"https:\/\/davebprod.be\/wp-content\/plugins\/skt-builder\/sktbuilder\/sktbuilder-frontend-starter.js\"><\/script><script type=\"text\/javascript\" src=\"https:\/\/davebprod.be\/wp-content\/plugins\/skt-builder\/sktbuilder-wordpress-driver.js\"><\/script><script type=\"text\/javascript\"> var starter = new SktbuilderStarter({\"mode\": \"prod\", \"skip\":[\"jquery\",\"underscore\",\"backbone\"],\"sktbuilderUrl\": \"https:\/\/davebprod.be\/wp-content\/plugins\/skt-builder\/sktbuilder\/\", \"driver\": new SktbuilderWordpressDriver({\"ajaxUrl\": \"https:\/\/davebprod.be\/wp-admin\/admin-ajax.php\", \"iframeUrl\": \"https:\/\/davebprod.be\/?page_id=710&sktbuilder=true\", \"pageId\": 710, \"pages\": [{\"title\":\"Me contacter\",\"url\":\"https:\\\/\\\/davebprod.be\\\/wp-admin\\\/post.php?post=242&action=sktbuilder\"},{\"title\":\"Mes Projets\",\"url\":\"https:\\\/\\\/davebprod.be\\\/wp-admin\\\/post.php?post=391&action=sktbuilder\"}], \"page\": \"Sport\" }) });<\/script><!-- end sktbuilder starter -->","protected":false},"excerpt":{"rendered":"<p>Capturer les temps fort de vos rencontres sportives ! Que vous pratiquiez un sport collectif, individuel ou m\u00e9canique, revivez les moments forts de la comp\u00e9tition gr\u00e2ce \u00e0 un montage dynamique et immersif, rythm\u00e9 par une bande sonore adapt\u00e9e.<\/p>\n","protected":false},"author":2,"featured_media":0,"parent":0,"menu_order":0,"comment_status":"closed","ping_status":"closed","template":"templates\/page-builder.php","meta":{"footnotes":""},"class_list":["post-710","page","type-page","status-publish","hentry"],"featured_image_src":false,"featured_image_src_square":false,"rbea_author_info":{"display_name":"davebadmin","author_link":"https:\/\/davebprod.be\/?author=2"},"rbea_excerpt_info":"Capturer les temps fort de vos rencontres sportives ! Que vous pratiquiez un sport collectif, individuel ou m\u00e9canique, revivez les moments forts de la comp\u00e9tition gr\u00e2ce \u00e0 un montage dynamique et immersif, rythm\u00e9 par une bande sonore adapt\u00e9e.","_links":{"self":[{"href":"https:\/\/davebprod.be\/index.php?rest_route=\/wp\/v2\/pages\/710","targetHints":{"allow":["GET"]}}],"collection":[{"href":"https:\/\/davebprod.be\/index.php?rest_route=\/wp\/v2\/pages"}],"about":[{"href":"https:\/\/davebprod.be\/index.php?rest_route=\/wp\/v2\/types\/page"}],"author":[{"embeddable":true,"href":"https:\/\/davebprod.be\/index.php?rest_route=\/wp\/v2\/users\/2"}],"replies":[{"embeddable":true,"href":"https:\/\/davebprod.be\/index.php?rest_route=%2Fwp%2Fv2%2Fcomments&post=710"}],"version-history":[{"count":4,"href":"https:\/\/davebprod.be\/index.php?rest_route=\/wp\/v2\/pages\/710\/revisions"}],"predecessor-version":[{"id":716,"href":"https:\/\/davebprod.be\/index.php?rest_route=\/wp\/v2\/pages\/710\/revisions\/716"}],"wp:attachment":[{"href":"https:\/\/davebprod.be\/index.php?rest_route=%2Fwp%2Fv2%2Fmedia&parent=710"}],"curies":[{"name":"wp","href":"https:\/\/api.w.org\/{rel}","templated":true}]}}