{"id":694,"date":"2025-05-29T19:59:27","date_gmt":"2025-05-29T17:59:27","guid":{"rendered":"https:\/\/davebprod.be\/?page_id=694"},"modified":"2025-05-29T20:22:05","modified_gmt":"2025-05-29T18:22:05","slug":"drone","status":"publish","type":"page","link":"https:\/\/davebprod.be\/?page_id=694","title":{"rendered":"Drone"},"content":{"rendered":"\t\t<div data-elementor-type=\"wp-page\" data-elementor-id=\"694\" class=\"elementor elementor-694\">\n\t\t\t\t\t\t<section class=\"elementor-section elementor-top-section elementor-element elementor-element-a8d1455 elementor-section-boxed elementor-section-height-default elementor-section-height-default\" data-id=\"a8d1455\" data-element_type=\"section\">\n\t\t\t\t\t\t<div class=\"elementor-container elementor-column-gap-default\">\n\t\t\t\t\t<div class=\"elementor-column elementor-col-100 elementor-top-column elementor-element elementor-element-e2ca02c\" data-id=\"e2ca02c\" data-element_type=\"column\">\n\t\t\t<div class=\"elementor-widget-wrap elementor-element-populated\">\n\t\t\t\t\t\t<div class=\"elementor-element elementor-element-b76105e elementor-widget elementor-widget-depicter_slider\" data-id=\"b76105e\" data-element_type=\"widget\" data-widget_type=\"depicter_slider.default\">\n\t\t\t\t<div class=\"elementor-widget-container\">\n\t\t\t\t\t<style id=\"depicter-25-inline-pre-css\">\n\n.depicter-25:not(.depicter-ready){\n\theight:700px;\n}\n\n\/***** Tablet *****\/\n@media screen and (max-width: 1024px){\n\n.depicter-25:not(.depicter-ready){\n\theight:700px;\n}\n\n}\n\/***** Mobile *****\/\n@media screen and (max-width: 767px){\n\n.depicter-25:not(.depicter-ready){\n\theight:740px;\n}\n\n}\n<\/style>\n<div id=\"depicter-25\" class=\"depicter depicter-document depicter-revert depicter-25 depicter-layout-fullwidth\">\n\n<div class=\"depicter-loading-container depicter-loading dotFlashing-dark\"><div class=\"depicter-loading-dark depicter-dot-flashing\">\n   <span><\/span>\n   <span><\/span>\n   <span><\/span>\n<\/div><\/div>\n<div data-animation-in=\"{'direction':'left','easing':'easeOutQuart','duration':1800,'movement':0,'scale':1.11,'delay':0,'transformOrigin':{'x':'right','y':'bottom','z':'0'},'type':'moveAndTransform'}\" data-between-in-out=\"false\" data-tablet-parallax=\"false\" data-mobile-parallax=\"false\" id=\"depicter-25-section-1\" class=\"depicter-section depicter-25-section-1\" data-name=\"Slide 1\" data-local-id=\"section-1\">\n<div class=\"depicter-bg-video\" data-video-src=\"https:\/\/davebprod.be\/wp-content\/uploads\/2025\/05\/Short_Drone_SiteWeb.mp4\" data-loop=\"true\" data-player-type=\"native\" data-object-fit=\"fill,,cover\" data-object-position=\"left top,,center center\"><\/div>\n\n\n<h2 data-animation-in=\"{'direction':'left','easing':'easeOutQuart','duration':1300,'movement':0,'scale':1.35,'delay':150,'transformOrigin':{'x':'left','y':'top','z':'0'},'type':'moveAndTransform'}\" data-between-in-out=\"false\" id=\"depicter-25-element-3\" class=\"depicter-element depicter-layer depicter-25-element-3\" data-type=\"text\" data-wrap=\"true\" data-name=\"Text 1\" data-local-id=\"element-3\" data-offset=\"x:635px;y:338px;origin:tl\" data-tablet-offset=\"x:19px;y:280px;origin:tl\" data-mobile-offset=\"x:14px;y:89px;origin:tl\" data-width=\"auto,auto,283px\" data-height=\"auto,auto,auto\" data-responsive-scale=\"true,,\">Vos \u00e9v\u00e9nements<\/h2>\n\n<h2 data-animation-in=\"{'direction':'right','easing':'easeOutQuart','duration':1300,'movement':{'value':70,'unit':'px'},'delay':400,'type':'move'}\" data-between-in-out=\"false\" id=\"depicter-25-element-5\" class=\"depicter-element depicter-layer depicter-25-element-5\" data-type=\"text\" data-wrap=\"true\" data-name=\"Text 2\" data-local-id=\"element-5\" data-offset=\"x:1186px;y:369px;origin:tl\" data-tablet-offset=\"x:532px;y:350px;origin:tl\" data-mobile-offset=\"x:302px;y:192px;origin:tl\" data-width=\"81px,96px,auto\" data-height=\"auto,auto,auto\" data-responsive-scale=\"true,,\">Sous<\/h2>\n\n<h2 data-animation-in=\"{'direction':'left','easing':'easeOutQuart','duration':1300,'movement':{'value':20,'unit':'px'},'scale':1.14,'delay':350,'transformOrigin':{'x':'right','y':'top','z':'0'},'type':'moveAndTransform'}\" data-between-in-out=\"false\" id=\"depicter-25-element-6\" class=\"depicter-element depicter-layer depicter-25-element-6\" data-type=\"text\" data-wrap=\"true\" data-name=\"Text 3\" data-local-id=\"element-6\" data-offset=\"x:864px;y:427px;origin:tl\" data-tablet-offset=\"x:94px;y:376px;origin:tl\" data-mobile-offset=\"x:35px;y:233px;origin:tl\" data-width=\"auto,auto,296px\" data-height=\"auto,auto,auto\" data-responsive-scale=\"true,,\">Un angle diff\u00e9rent...<\/h2>\n\n<p data-animation-in=\"{'direction':'right','easing':'easeOutQuart','duration':1300,'movement':35,'delay':800,'type':'move'}\" data-between-in-out=\"false\" id=\"depicter-25-element-7\" class=\"depicter-element depicter-layer depicter-25-element-7\" data-type=\"text\" data-wrap=\"true\" data-name=\"Text 4\" data-local-id=\"element-7\" data-offset=\"x:589px;y:504px;origin:tl\" data-tablet-offset=\"x:19px;y:465px;origin:tl\" data-mobile-offset=\"x:18px;y:460px;origin:tl\" data-width=\"693px,443px,324px\" data-height=\"auto,auto,auto\" data-responsive-scale=\"true,,\">Je vous offre la possibilit\u00e9 d\u2019int\u00e9grer des prises de vues a\u00e9riennes de haute qualit\u00e9 \u00e0 vos projets, pour leur apporter une touche unique et spectaculaire.<br><br>Toutefois, cette pratique requiert le respect de conditions de s\u00e9curit\u00e9 strictes, auxquelles j\u2019accorde une importance primordiale.<\/p>\n\n<a href=\"https:\/\/davebprod.be\/\"><button data-animation-in=\"{'direction':'bottom','easing':'easeOutQuart','duration':1000,'movement':35,'delay':900,'type':'move'}\" data-between-in-out=\"false\" id=\"depicter-25-element-23\" class=\"depicter-element depicter-layer depicter-25-element-23\" data-type=\"button\" data-wrap=\"true\" data-name=\"Button 1\" data-local-id=\"element-23\" data-offset=\"x:209px;y:527px;origin:tl\" data-tablet-offset=\"x:806px;y:522px;origin:tl\" data-mobile-offset=\"x:105px;y:345px;origin:tl\" data-width=\"150px,,150px\" data-height=\"50px,,50px\" data-responsive-scale=\"true,,\"><span class=\"dp-inner-content\">Accueil<\/span><\/button><\/a><\/div>\n<\/div>\n<script>\n(window.depicterSetups = window.depicterSetups || []).push(function(){\n\tDepicter.basePath = 'https:\/\/davebprod.be\/wp-content\/plugins\/depicter\/resources\/scripts\/player\/';\n\tconst dpPlayer = Depicter.setup('.depicter-25',\n\t\t{\"width\":[\"1300\",\"1024\",\"360\"],\"height\":[\"700\",\"700\",\"740\"],\"view\":\"basic\",\"keepAspectRatio\":true,\"preload\":0,\"layout\":\"fullwidth\",\"rtl\":false,\"initAfterAppear\":false,\"ajaxApiUrl\":\"https:\\\/\\\/davebprod.be\\\/wp-admin\\\/admin-ajax.php\",\"mouseSwipe\":true,\"touchSwipe\":true,\"useWatermark\":false}\n\t);\n});\n<\/script>\t\t\t\t<\/div>\n\t\t\t\t<\/div>\n\t\t\t\t\t<\/div>\n\t\t<\/div>\n\t\t\t\t\t<\/div>\n\t\t<\/section>\n\t\t\t\t<\/div>\n\t\t    <!-- sktbuilder starter --><script type=\"text\/javascript\" src=\"https:\/\/davebprod.be\/wp-content\/plugins\/skt-builder\/sktbuilder\/sktbuilder-frontend-starter.js\"><\/script><script type=\"text\/javascript\" src=\"https:\/\/davebprod.be\/wp-content\/plugins\/skt-builder\/sktbuilder-wordpress-driver.js\"><\/script><script type=\"text\/javascript\"> var starter = new SktbuilderStarter({\"mode\": \"prod\", \"skip\":[\"jquery\",\"underscore\",\"backbone\"],\"sktbuilderUrl\": \"https:\/\/davebprod.be\/wp-content\/plugins\/skt-builder\/sktbuilder\/\", \"driver\": new SktbuilderWordpressDriver({\"ajaxUrl\": \"https:\/\/davebprod.be\/wp-admin\/admin-ajax.php\", \"iframeUrl\": \"https:\/\/davebprod.be\/?page_id=694&sktbuilder=true\", \"pageId\": 694, \"pages\": [{\"title\":\"Me contacter\",\"url\":\"https:\\\/\\\/davebprod.be\\\/wp-admin\\\/post.php?post=242&action=sktbuilder\"},{\"title\":\"Mes Projets\",\"url\":\"https:\\\/\\\/davebprod.be\\\/wp-admin\\\/post.php?post=391&action=sktbuilder\"}], \"page\": \"Drone\" }) });<\/script><!-- end sktbuilder starter -->","protected":false},"excerpt":{"rendered":"<p>Vos \u00e9v\u00e9nements Sous Un angle diff\u00e9rent&#8230; Je vous offre la possibilit\u00e9 d\u2019int\u00e9grer des prises de vues a\u00e9riennes de haute qualit\u00e9 \u00e0 vos projets, pour leur apporter une touche unique et spectaculaire. Toutefois, cette pratique requiert le respect de conditions de s\u00e9curit\u00e9 strictes, auxquelles j\u2019accorde une importance primordiale.<\/p>\n","protected":false},"author":2,"featured_media":0,"parent":0,"menu_order":0,"comment_status":"closed","ping_status":"closed","template":"templates\/page-builder.php","meta":{"footnotes":""},"class_list":["post-694","page","type-page","status-publish","hentry"],"featured_image_src":false,"featured_image_src_square":false,"rbea_author_info":{"display_name":"davebadmin","author_link":"https:\/\/davebprod.be\/?author=2"},"rbea_excerpt_info":"Vos \u00e9v\u00e9nements Sous Un angle diff\u00e9rent&#8230; Je vous offre la possibilit\u00e9 d\u2019int\u00e9grer des prises de vues a\u00e9riennes de haute qualit\u00e9 \u00e0 vos projets, pour leur apporter une touche unique et spectaculaire. Toutefois, cette pratique requiert le respect de conditions de s\u00e9curit\u00e9 strictes, auxquelles j\u2019accorde une importance primordiale.","_links":{"self":[{"href":"https:\/\/davebprod.be\/index.php?rest_route=\/wp\/v2\/pages\/694","targetHints":{"allow":["GET"]}}],"collection":[{"href":"https:\/\/davebprod.be\/index.php?rest_route=\/wp\/v2\/pages"}],"about":[{"href":"https:\/\/davebprod.be\/index.php?rest_route=\/wp\/v2\/types\/page"}],"author":[{"embeddable":true,"href":"https:\/\/davebprod.be\/index.php?rest_route=\/wp\/v2\/users\/2"}],"replies":[{"embeddable":true,"href":"https:\/\/davebprod.be\/index.php?rest_route=%2Fwp%2Fv2%2Fcomments&post=694"}],"version-history":[{"count":6,"href":"https:\/\/davebprod.be\/index.php?rest_route=\/wp\/v2\/pages\/694\/revisions"}],"predecessor-version":[{"id":707,"href":"https:\/\/davebprod.be\/index.php?rest_route=\/wp\/v2\/pages\/694\/revisions\/707"}],"wp:attachment":[{"href":"https:\/\/davebprod.be\/index.php?rest_route=%2Fwp%2Fv2%2Fmedia&parent=694"}],"curies":[{"name":"wp","href":"https:\/\/api.w.org\/{rel}","templated":true}]}}